{"id":9199,"date":"2025-03-19T16:36:06","date_gmt":"2025-03-19T21:36:06","guid":{"rendered":"https:\/\/www.gadmunicipaldeleg.gob.ec\/?page_id=9199"},"modified":"2025-04-15T08:42:05","modified_gmt":"2025-04-15T13:42:05","slug":"titulo","status":"publish","type":"page","link":"https:\/\/www.gadmunicipaldeleg.gob.ec\/?page_id=9199","title":{"rendered":"CONCURSO PUBLICO"},"content":{"rendered":"\n<h5 class=\"wp-block-heading\">PARA LA \u201cSELECCI\u00d3N DEL GESTOR PRIVADO DELEGADO PARA LA PRESTACI\u00d3N DEL SERVICIO PUBLICO DE LA REVISI\u00d3N T\u00c9CNICA VEHICULAR Y LA IMPLEMENTACI\u00d3N Y CONSTRUCCI\u00d3N DEL CENTRO DE REVISI\u00d3N T\u00c9CNICA VEHICULAR EN EL CANT\u00d3N DELEG\u201d<\/h5>\n\n\n\n<div class=\"wp-block-file\"><a id=\"wp-block-file--media-7f21ef65-0b81-4f96-b854-8892cd308431\" href=\"https:\/\/www.gadmunicipaldeleg.gob.ec\/wp-content\/uploads\/Directorio\/PROCESO_CRTV\/RESOLUCION-NO.-010-PROCESO-REVISION-TECNICA-VEHICULAR-signed.pdf\" target=\"_blank\" rel=\"noreferrer noopener\">RESOLUCI\u00d3N NO. 010 PROCESO REVISI\u00d3N T\u00c9CNICA VEHICULAR<\/a><\/div>\n\n\n\n<div class=\"wp-block-file\"><a id=\"wp-block-file--media-8f0d0e66-505d-4796-9e84-b3cbd0a84a6e\" href=\"https:\/\/www.gadmunicipaldeleg.gob.ec\/wp-content\/uploads\/Directorio\/PROCESO_CRTV\/TE\u0301RMINOS-DE-REFERENCIA-CRTV.pdf\" target=\"_blank\" rel=\"noreferrer noopener\">TE\u0301RMINOS DE REFERENCIA CRTV<\/a><\/div>\n\n\n\n<div class=\"wp-block-file\"><a id=\"wp-block-file--media-6b08c638-7ca9-4414-abda-b291873fd98d\" href=\"https:\/\/www.gadmunicipaldeleg.gob.ec\/wp-content\/uploads\/Directorio\/PROCESO_CRTV\/ESPECIFICACIONESTECNICAS-CRTV.pdf\" target=\"_blank\" rel=\"noreferrer noopener\">ESPECIFICACIONES T\u00c9CNICAS CRTV<\/a><\/div>\n\n\n\n<div class=\"wp-block-file\"><a id=\"wp-block-file--media-e1d1f656-0347-4d3d-bc4a-b3b29e889031\" href=\"https:\/\/www.gadmunicipaldeleg.gob.ec\/wp-content\/uploads\/Directorio\/PROCESO_CRTV\/INFORME-DE-NECESIDAD-CRTV.pdf\" target=\"_blank\" rel=\"noreferrer noopener\">INFORME DE NECESIDAD CRTV<\/a><\/div>\n\n\n\n<div class=\"wp-block-file\"><a id=\"wp-block-file--media-190222ce-3f8e-4296-8e54-90805cf93b09\" href=\"https:\/\/www.gadmunicipaldeleg.gob.ec\/wp-content\/uploads\/Directorio\/PROCESO_CRTV\/PLIEGOS-DEL-CONCURSO-PUBLICO-signed.pdf\" target=\"_blank\" rel=\"noreferrer noopener\">PLIEGOS DEL CONCURSO PUBLICO CRTV<\/a><\/div>\n\n\n\n<div class=\"wp-block-file\"><a id=\"wp-block-file--media-9b6abc68-4c26-40a8-8c69-60dad9304785\" href=\"https:\/\/www.gadmunicipaldeleg.gob.ec\/wp-content\/uploads\/Directorio\/PROCESO_CRTV\/CRONOGRAMA-CONCURSO-PUBLICO-CRTV.pdf\" target=\"_blank\" rel=\"noreferrer noopener\">CRONOGRAMA CONCURSO PUBLICO CRTV<\/a><\/div>\n\n\n\n<div class=\"wp-block-file\"><a id=\"wp-block-file--media-94665d88-df9a-47a7-88be-b09c4193404e\" href=\"https:\/\/www.gadmunicipaldeleg.gob.ec\/wp-content\/uploads\/Directorio\/PROCESO_CRTV\/CONVOCATORIA.pdf\" target=\"_blank\" rel=\"noreferrer noopener\">CONVOCATORIA<\/a><\/div>\n\n\n\n<div class=\"wp-block-file\"><a id=\"wp-block-file--media-e9de9de8-1e76-4bcc-8815-399f55f94df3\" href=\"https:\/\/www.gadmunicipaldeleg.gob.ec\/wp-content\/uploads\/Directorio\/PROCESO_CRTV\/Acta-de-preguntas-respuestas-y-aclaraciones.pdf\" target=\"_blank\" rel=\"noreferrer noopener\">ACTA DE PREGUNTAS, RESPUESTAS Y ACLARACIONES<\/a><\/div>\n\n\n\n<div class=\"wp-block-file\"><a id=\"wp-block-file--media-55656352-5e95-4354-a7c8-5eb7239bc37d\" href=\"https:\/\/www.gadmunicipaldeleg.gob.ec\/wp-content\/uploads\/Directorio\/PROCESO_CRTV\/ACTA-DE-APERTURA-DE-OFERTAS-Y-CONVALIDACION-DE-ERRORES.pdf\" target=\"_blank\" rel=\"noreferrer noopener\">ACTA DE APERTURA DE OFERTAS Y CONVALIDACI\u00d3N DE ERRORES<\/a><\/div>\n\n\n\n<div class=\"wp-block-file\"><a id=\"wp-block-file--media-71cacadb-27af-4d94-8e62-3c7772fb7226\" href=\"https:\/\/www.gadmunicipaldeleg.gob.ec\/wp-content\/uploads\/Directorio\/PROCESO_CRTV\/Acta-Calificacion-de-Ofertas-RTV.pdf\" target=\"_blank\" rel=\"noreferrer noopener\">ACTA DE CALIFICACI\u00d3N DE OFERTAS-CRTV<\/a><\/div>\n\n\n\n<div class=\"wp-block-file\"><a id=\"wp-block-file--media-23de2343-eb6d-483a-91af-387b39168181\" href=\"https:\/\/www.gadmunicipaldeleg.gob.ec\/wp-content\/uploads\/Directorio\/PROCESO_CRTV\/RESOLUCION-NO.-019-ADJUDICACION-CRTV.pdf\" target=\"_blank\" rel=\"noreferrer noopener\">RESOLUCI\u00d3N NO. 019 ADJUDICACI\u00d3N CRTV<\/a><\/div>\n","protected":false},"excerpt":{"rendered":"<p>PARA LA \u201cSELECCI\u00d3N DEL GESTOR PRIVADO DELEGADO PARA LA PRESTACI\u00d3N DEL SERVICIO PUBLICO DE LA REVISI\u00d3N T\u00c9CNICA VEHICULAR Y LA IMPLEMENTACI\u00d3N Y CONSTRUCCI\u00d3N DEL CENTRO DE REVISI\u00d3N T\u00c9CNICA VEHICULAR EN EL CANT\u00d3N DELEG\u201d<\/p>\n","protected":false},"author":1,"featured_media":0,"parent":0,"menu_order":0,"comment_status":"closed","ping_status":"closed","template":"","meta":{"_monsterinsights_skip_tracking":false,"_monsterinsights_sitenote_active":false,"_monsterinsights_sitenote_note":"","_monsterinsights_sitenote_category":0,"footnotes":""},"class_list":["post-9199","page","type-page","status-publish","hentry"],"_links":{"self":[{"href":"https:\/\/www.gadmunicipaldeleg.gob.ec\/index.php?rest_route=\/wp\/v2\/pages\/9199","targetHints":{"allow":["GET"]}}],"collection":[{"href":"https:\/\/www.gadmunicipaldeleg.gob.ec\/index.php?rest_route=\/wp\/v2\/pages"}],"about":[{"href":"https:\/\/www.gadmunicipaldeleg.gob.ec\/index.php?rest_route=\/wp\/v2\/types\/page"}],"author":[{"embeddable":true,"href":"https:\/\/www.gadmunicipaldeleg.gob.ec\/index.php?rest_route=\/wp\/v2\/users\/1"}],"replies":[{"embeddable":true,"href":"https:\/\/www.gadmunicipaldeleg.gob.ec\/index.php?rest_route=%2Fwp%2Fv2%2Fcomments&post=9199"}],"version-history":[{"count":12,"href":"https:\/\/www.gadmunicipaldeleg.gob.ec\/index.php?rest_route=\/wp\/v2\/pages\/9199\/revisions"}],"predecessor-version":[{"id":9252,"href":"https:\/\/www.gadmunicipaldeleg.gob.ec\/index.php?rest_route=\/wp\/v2\/pages\/9199\/revisions\/9252"}],"wp:attachment":[{"href":"https:\/\/www.gadmunicipaldeleg.gob.ec\/index.php?rest_route=%2Fwp%2Fv2%2Fmedia&parent=9199"}],"curies":[{"name":"wp","href":"https:\/\/api.w.org\/{rel}","templated":true}]}}