{"id":3378,"date":"2022-07-06T17:22:02","date_gmt":"2022-07-06T22:22:02","guid":{"rendered":"https:\/\/www.gadmunicipaldeleg.gob.ec\/?page_id=3378"},"modified":"2022-07-06T17:40:01","modified_gmt":"2022-07-06T22:40:01","slug":"director-de-planificacion","status":"publish","type":"page","link":"https:\/\/www.gadmunicipaldeleg.gob.ec\/?page_id=3378","title":{"rendered":"Director de Planificaci\u00f3n"},"content":{"rendered":"\n<p>Es un Servidor P\u00fablico de libre nombramiento y remoci\u00f3n designado por el Alcalde o Alcaldesa, excluido de la carrera del servicio p\u00fablico. Es el titular del Subproceso de Planificaci\u00f3n Estrat\u00e9gica Institucional.<\/p>\n\n\n\n<blockquote class=\"wp-block-quote is-layout-flow wp-block-quote-is-layout-flow\"><p><strong>Misi\u00f3n<\/strong>.- Planificar la Estrategia Institucional, con el fin de contribuir a la gesti\u00f3n y el 111cjora111iento continuo de los procesos del Gobierno Aut\u00f3nomo Descentralizado Municipal de Cant\u00f3n D\u00e9leg.<\/p><\/blockquote>\n\n\n\n<h2 class=\"wp-block-heading\">Funciones<\/h2>\n\n\n\n<ul class=\"wp-block-list\"><li>Coordinar y apoyar los procedimientos participativos ele planificaci\u00f3n y desarrollo institucional, con todos los departamentos del Gobierno Aut\u00f3n\u00f3nomo Descentralizado Municipal del Cant\u00f3n D\u00e9leg;<\/li><li>Apoyar y brindar asistencia a las autoridades del Gobierno Aut\u00f3nomo Descentralizado Municipal del Cant\u00f3n D\u00e9leg en la definici\u00f3n de pol\u00edticas generales y estrategias, que sirvan de base para la elaboraci\u00f3n de los planes institucionales;<\/li><li>Elaborar y coordinar la ejecuci\u00f3n de los Planes. Art. 55 del mismo C\u00f3digo Org\u00e1nico de Organizaci\u00f3n Territorial, Autonom\u00eda y Descentralizaci\u00f3n COOTAD, para prever, dirigir, ordenar y estimular el desarrollo local en los \u00f3rdenes social, econ\u00f3mico, fisico y urban\u00edstico del cant\u00f3n, con actores y organizaciones locales;<\/li><li>Coordinar, asesorar y apoyar, el proceso de planificaci\u00f3n institucional incluyendo la formulaci\u00f3n presupuestaria, del Plan Estrat\u00e9gico Institucional (PEI), del Plan Operativo Anual (POA) y de otros planes espec\u00edicos que sea necesario elaborar; <\/li><li>Asesorar y apoyar, el proceso de monitoreo de los planes instituciones y de cada dependencia, para que se atiendan adecuadamente, las necesidades de la Instituci\u00f3n en materia financiera, inform\u00e1tica. recursos humanos, capacitaci\u00f3n, bienes y servicios, seguridad. servicios generales y otros, que permitan el cumplimiento de los planes y la ejecuci\u00f3n presupuestaria prevista;<\/li><li>Coordinar y gestionar la elaboraci\u00f3n de proyectos de ordenanzas, reglamentos y m\u00e1s instrumentos necesarios que dependen de esta direcci\u00f3n y ponerlas a consideraci\u00f3n del Alcalde y el Concejo Municipal;<\/li><li>Realizar la revisi\u00f3n, estudio e investigaci\u00f3n de los procesos y procedimientos que se realizan en las diferentes dependencias para el mejoramiento y modernizaci\u00f3n de la estructura institucional y su actualizaci\u00f3n peri\u00f3dica;<\/li><li>Incorporar los programas de desarrollo f\u00edsico, urban\u00edstico y rural del cant\u00f3n.<\/li><li>Representar al Gobierno Aut\u00f3nomo Descentralizado Municipal del Cant\u00f3n D\u00e9leg en asuntos relativos a Calidad, al interior y exterior de la misma, ante Usuarios internos y externos;<\/li><li>Dise\u00f1ar y proyectar las obras p\u00fablicas locales necesarias para el desarrollo cantonal y las que interesen al vecindario y las necesarias para el gobierno y administraci\u00f3n municipal;<\/li><li>Elaborar informes relativos al proceso de Aseguramiento de Calidad:<\/li><li>Dise\u00f1ar Metodolog\u00edas y Modelos para Documentaci\u00f3n de Procesos;<\/li><li>Investigar por \u00e1reas, los distintos Procesos que se ejecutan;<\/li><li>Coordinar la Optimizaci\u00f3n de Procesos con todas las \u00e1reas del Gobierno Aut\u00f3nomo Descentralizado Municipal del Cant\u00f3n D\u00e9leg;<\/li><li>Estructurar el Manual de Procesos de todas las \u00e1reas del Gobierno Aut\u00f3nomo Descentralizado Municipal del Cant\u00f3n D\u00e9leg;<\/li><li>Capacitar al Personal en todos los Procesos dentro de la Gesti\u00f3n de Planificaci\u00f3n; <\/li><li>Definir y formular instrumentos reglamentarios y administrativos que permitan a la aplicaci\u00f3n de los planes y programas de vivienda de inter\u00e9s social y de las pol\u00edticas de manejo del suelo;<\/li><li>Solicitar al Concejo declare de utilidad p\u00fablica o de inter\u00e9s social los bienes inmuebles que deben ser expropiados para la realizaci\u00f3n de los planes de desarrollo f\u00edsico cantonal y planes reguladores de desarrollo urbano y de las obras y servicios municipales;<\/li><li>Emitir los informes, dict\u00e1menes y aprobaciones de planos de Urbanizaciones, propiedad horizontal, edificaciones de cualquier naturaleza, Subdivisiones. parcelaciones o lotizaciones en el \u00e1rea urbano o rural. reestructuras parcelarias. particiones judicial o extrajudicial de bienes inmuebles, etc. de acuerdo con la Ley y las Ordenanzas;<\/li><li>Apoyar a todas las \u00e1reas del Gobierno Aut\u00f3nomo Descentralizado Municipal del Cant\u00f3n D\u00e9leg con Investigaci\u00f3n de Metodolog\u00edas, Procesos, Est\u00e1ndares. Procedimientos y Normalizaci\u00f3n;<\/li><li>Mantener actualizado el Manual de Procesos del Gobierno Aut\u00f3nomo Descentralizado Municipal del Cant\u00f3n D\u00e9leg;<\/li><li>Coordinar la Investigaci\u00f3n, Dise\u00f1o, Mejora, Actualizaci\u00f3n, Documentaci\u00f3n, Capacitaci\u00f3n e Implementaci\u00f3n de Procesos en todas las \u00e1reas del Gobierno Aut\u00f3nomo Descentralizado Municipal del Cant\u00f3n D\u00e9leg;<\/li><li>Mantener a la Alcald\u00eda de un Informe acerca del \u00cdndice de Efectividad del \u00e1rea de planificaci\u00f3n del Gobierno Aut\u00f3nomo Descentralizado Municipal del Cant\u00f3n D\u00e9leg; Asistir a las Reuniones de Coordinaci\u00f3n convocadas por la Alcald\u00eda;<\/li><li>Establecer el Plan Desarrollo Local en base a las necesidades y prioridades de la ciudadan\u00eda, mediante asambleas barriales y parroquiales;<\/li><li>Establecer el M\u00e9todo para el Seguimiento, Control, Monitoreo y Evaluaci\u00f3n de los Objetivos Institucionales;<\/li><li>Coordinar la Formulaci\u00f3n del POA y Presupuesto;<\/li><li>Proponer al Concejo la nomenclatura de avenidas, calles, caminos, plazas y paseos;<\/li><li>Vincular al POA y Presupuesto, los Objetivos. Planes, Proyectos e Indicadores que identifica el Plan Desarrollo Ordenamiento Territorial del Gobierno Aut\u00f3nomo Descentralizado Municipal del Cant\u00f3n D\u00e9leg;<\/li><li>Mantener Actualizada la Estructura Org\u00e1nica del Gobierno Aut\u00f3nomo Descentralizado Municipal del Cant\u00f3n D\u00e9leg:<\/li><li>Llevar altos niveles de Valores;<\/li><li>Mantener Archivo de Documentos Completos y Verificados:<\/li><li>Ejecutar los Procesos y Procedimientos establecidos:<\/li><li>Realizar las actividades encomendadas por la Alcald\u00eda;<\/li><li>Reportar las Actividades realizadas peri\u00f3dicamente a la Alcald\u00eda:<\/li><li>Aplicar los procesos encargados a sus funciones; y.<\/li><li>Aplicar el C\u00f3digo de \u00c9tica de la Instituci\u00f3n.<\/li><\/ul>\n","protected":false},"excerpt":{"rendered":"<p>Es un Servidor P\u00fablico de libre nombramiento y remoci\u00f3n designado por el Alcalde o Alcaldesa, excluido de la carrera del servicio p\u00fablico. Es el titular del Subproceso de Planificaci\u00f3n Estrat\u00e9gica Institucional. Misi\u00f3n.- Planificar la Estrategia Institucional, con el fin de contribuir a la gesti\u00f3n y el 111cjora111iento continuo de los procesos del Gobierno Aut\u00f3nomo Descentralizado [&hellip;]<\/p>\n","protected":false},"author":1,"featured_media":0,"parent":0,"menu_order":0,"comment_status":"closed","ping_status":"closed","template":"page-templates\/sidebar-right.php","meta":{"_monsterinsights_skip_tracking":false,"_monsterinsights_sitenote_active":false,"_monsterinsights_sitenote_note":"","_monsterinsights_sitenote_category":0,"footnotes":""},"class_list":["post-3378","page","type-page","status-publish","hentry"],"_links":{"self":[{"href":"https:\/\/www.gadmunicipaldeleg.gob.ec\/index.php?rest_route=\/wp\/v2\/pages\/3378","targetHints":{"allow":["GET"]}}],"collection":[{"href":"https:\/\/www.gadmunicipaldeleg.gob.ec\/index.php?rest_route=\/wp\/v2\/pages"}],"about":[{"href":"https:\/\/www.gadmunicipaldeleg.gob.ec\/index.php?rest_route=\/wp\/v2\/types\/page"}],"author":[{"embeddable":true,"href":"https:\/\/www.gadmunicipaldeleg.gob.ec\/index.php?rest_route=\/wp\/v2\/users\/1"}],"replies":[{"embeddable":true,"href":"https:\/\/www.gadmunicipaldeleg.gob.ec\/index.php?rest_route=%2Fwp%2Fv2%2Fcomments&post=3378"}],"version-history":[{"count":2,"href":"https:\/\/www.gadmunicipaldeleg.gob.ec\/index.php?rest_route=\/wp\/v2\/pages\/3378\/revisions"}],"predecessor-version":[{"id":3390,"href":"https:\/\/www.gadmunicipaldeleg.gob.ec\/index.php?rest_route=\/wp\/v2\/pages\/3378\/revisions\/3390"}],"wp:attachment":[{"href":"https:\/\/www.gadmunicipaldeleg.gob.ec\/index.php?rest_route=%2Fwp%2Fv2%2Fmedia&parent=3378"}],"curies":[{"name":"wp","href":"https:\/\/api.w.org\/{rel}","templated":true}]}}