{"id":3342,"date":"2022-07-06T14:51:29","date_gmt":"2022-07-06T19:51:29","guid":{"rendered":"https:\/\/www.gadmunicipaldeleg.gob.ec\/?page_id=3342"},"modified":"2022-07-06T15:53:58","modified_gmt":"2022-07-06T20:53:58","slug":"procurador-sindico","status":"publish","type":"page","link":"https:\/\/www.gadmunicipaldeleg.gob.ec\/?page_id=3342","title":{"rendered":"Procurador S\u00edndico"},"content":{"rendered":"\n<p>Es un Servidor P\u00fablico de libre nombramiento y remoci\u00f3n designado por el Alcalde o Alcaldesa, excluido de la carrera del servicio p\u00fablico. Es el titular del Subproceso ele Procuradur\u00eda S\u00edndica<strong>.<\/strong><\/p>\n\n\n\n<blockquote class=\"wp-block-quote is-layout-flow wp-block-quote-is-layout-flow\"><p><em>Misi\u00f3n.- Proporcionar seguridad jur\u00eddica al Gobierno Aut\u00f3nomo Descentralizado Municipal del Cant\u00f3n D\u00e9leg, sobre la base de la aplicaci\u00f3n del ordenamiento legal en el \u00e1mbito de su competencia. Facilitar la asesor\u00eda legal en la gesti\u00f3n a las \u00e1reas del Municipio en procura de garantizar la efectividad en las actividades.<\/em><\/p><\/blockquote>\n\n\n\n<h2 class=\"has-text-align-left wp-block-heading\">Funciones<\/h2>\n\n\n\n<ul class=\"wp-block-list\"><li>Responder ante consultas jur\u00eddicas formuladas por las autoridades y servidores p\u00fablicos del Municipio;<\/li><li>Ejercer la representaci\u00f3n legal ele la entidad, conjuntamente con el Alcalde;<\/li><li>Conocer y resolver los problemas jur\u00eddicos, legales que pertenecen a la Municipal iclacl;<\/li><li>Emitir dict\u00e1menes legales sobre asuntos puestos a su consideraci\u00f3n y ele competencia municipal;<\/li><li>Dirigir y asesorar en materia jur\u00eddica a las autoridades, funcionarios, servidoras y servidores municipales, sobre la correcta aplicaci\u00f3n ele normas legales en temas relacionados con la misi\u00f3n institucional. en \u00e1reas ele derecho P\u00fablico, Constitucional, Procesal, Administrativo, Contrataci\u00f3n P\u00fablica, Laboral y Derecho Privado:<\/li><li>Elaborar contratos. proyectos ele expropiaci\u00f3n y ocupaci\u00f3n ele terrenos para ser utilizados por la Municipalidad. en cumplimiento de sus finaliclacles;<\/li><li>Elaborar minutas ele contratos:<\/li><li>Realizar los tr\u00e1mites previos para el remate de bienes de la Municipalidad, e intervenir en los mismos;<\/li><li>Tramitar mediante escritura p\u00fablica tocio contrato ele venta. permuta. hipoteca o arrendamiento de bienes ra\u00edces municipales;<\/li><li>Elevar a escritura p\u00fablica todo ingreso de bienes ra\u00edces que pasan a convertirse en patrimonio de la Municipalidad;<\/li><li>Formalizar los proyectos de Leyes, decretos, acuerdos, resoluciones, contratos, convenios, ordenanzas y otros instrumentos jur\u00eddicos que proponga el Alcalde y el Concejo;<\/li><li>Patrocinar ante los organismos judiciales y tribunales competentes, la defensa judicial de la municipalidad y en general, realizar cualquier diligencia judicial y extrajudicial de inter\u00e9s institucional:<\/li><li>Emitir criterios e informes jur\u00eddicos sobre temas consultados;<\/li><li>Asesorar en materia legal al Concejo, a Alcald\u00eda y dem\u00e1s dependencias municipales;<\/li><li>Analizar, interpretar e emitir criterio sobre aspectos jur\u00eddicos-legales que normen la marcha administrativa municipal;<\/li><li>Preparar proyectos de ordenanzas, reglamentos. acuerdos y resoluciones y proponer sobre la materia. las reformas, recomendaciones que fueren necesarias, en el \u00e1mbito netamente legal;<\/li><li>Recopilar y mantener archivos especializados y de legislaci\u00f3n sobre la materia legal de su competencia;<\/li><li>Elaborar un informe mensual para conocimiento del Alcalde, sobre el estado legal de los juicios levantados en contra del GAD Municipal;<\/li><li>Asesorar al Tesorero Municipal en los procesos coactivos de la municipalidad:<\/li><li>Elaborar resoluciones administrativas y ordenanzas tributarias para aprobaci\u00f3n del Concejo y firma del Alcalde;<\/li><li>Elaborar las resoluciones de car\u00e1cter administrativo y tributario subidas en apelaci\u00f3n o revisi\u00f3n en segunda instancia;<\/li><li>Emitir dict\u00e1menes jur\u00eddicos en proceso legal y redactar resoluciones de conformidad con la Ley Org\u00e1nica del Sistema Nacional ele Contrataci\u00f3n P\u00fablica y su Reglamento ele aplicaci\u00f3n;<\/li><li>Asistir cuando el \u00f3rgano legislativo as\u00ed lo requiera a las sesiones del Concejo y prestar la debida asesor\u00eda legal cuando este lo solicite;<\/li><li>Tramitar cuestiones administrativas: expropiaciones, permutas, elaboraci\u00f3n de contratos;<\/li><li>Ejercer las dem\u00e1s funciones que la Ley, el Concejo o el Alcalde le se\u00f1alen;<\/li><li>Aplicar los procesos encargados a sus funciones;<\/li><li>Otras labores administrativas propias que dispongan las Leyes, Ordenanzas y m\u00e1s disposiciones que forman la actividad municipal y las que ordene el Alcalde; y.<\/li><li>Aplicar el C\u00f3digo de \u00c9tica de la Instituci\u00f3n.<\/li><\/ul>\n","protected":false},"excerpt":{"rendered":"<p>Es un Servidor P\u00fablico de libre nombramiento y remoci\u00f3n designado por el Alcalde o Alcaldesa, excluido de la carrera del servicio p\u00fablico. Es el titular del Subproceso ele Procuradur\u00eda S\u00edndica. Misi\u00f3n.- Proporcionar seguridad jur\u00eddica al Gobierno Aut\u00f3nomo Descentralizado Municipal del Cant\u00f3n D\u00e9leg, sobre la base de la aplicaci\u00f3n del ordenamiento legal en el \u00e1mbito de [&hellip;]<\/p>\n","protected":false},"author":1,"featured_media":0,"parent":0,"menu_order":0,"comment_status":"closed","ping_status":"closed","template":"page-templates\/sidebar-right.php","meta":{"_monsterinsights_skip_tracking":false,"_monsterinsights_sitenote_active":false,"_monsterinsights_sitenote_note":"","_monsterinsights_sitenote_category":0,"footnotes":""},"class_list":["post-3342","page","type-page","status-publish","hentry"],"_links":{"self":[{"href":"https:\/\/www.gadmunicipaldeleg.gob.ec\/index.php?rest_route=\/wp\/v2\/pages\/3342","targetHints":{"allow":["GET"]}}],"collection":[{"href":"https:\/\/www.gadmunicipaldeleg.gob.ec\/index.php?rest_route=\/wp\/v2\/pages"}],"about":[{"href":"https:\/\/www.gadmunicipaldeleg.gob.ec\/index.php?rest_route=\/wp\/v2\/types\/page"}],"author":[{"embeddable":true,"href":"https:\/\/www.gadmunicipaldeleg.gob.ec\/index.php?rest_route=\/wp\/v2\/users\/1"}],"replies":[{"embeddable":true,"href":"https:\/\/www.gadmunicipaldeleg.gob.ec\/index.php?rest_route=%2Fwp%2Fv2%2Fcomments&post=3342"}],"version-history":[{"count":4,"href":"https:\/\/www.gadmunicipaldeleg.gob.ec\/index.php?rest_route=\/wp\/v2\/pages\/3342\/revisions"}],"predecessor-version":[{"id":3373,"href":"https:\/\/www.gadmunicipaldeleg.gob.ec\/index.php?rest_route=\/wp\/v2\/pages\/3342\/revisions\/3373"}],"wp:attachment":[{"href":"https:\/\/www.gadmunicipaldeleg.gob.ec\/index.php?rest_route=%2Fwp%2Fv2%2Fmedia&parent=3342"}],"curies":[{"name":"wp","href":"https:\/\/api.w.org\/{rel}","templated":true}]}}